{"id":83,"date":"2024-12-11T16:37:18","date_gmt":"2024-12-11T16:37:18","guid":{"rendered":"https:\/\/habibi-plush.de\/?page_id=83"},"modified":"2026-02-12T11:05:40","modified_gmt":"2026-02-12T11:05:40","slug":"landung","status":"publish","type":"page","link":"https:\/\/habibi-plush.de\/","title":{"rendered":"Startseite"},"content":{"rendered":"\t\t<div data-elementor-type=\"wp-page\" data-elementor-id=\"83\" class=\"elementor elementor-83\" data-elementor-post-type=\"page\">\n\t\t\t\t<div class=\"elementor-element elementor-element-ff79af8 e-con-full e-flex e-con e-parent\" data-id=\"ff79af8\" data-element_type=\"container\" data-e-type=\"container\" data-settings=\"{&quot;background_background&quot;:&quot;slideshow&quot;,&quot;background_slideshow_gallery&quot;:[{&quot;id&quot;:95,&quot;url&quot;:&quot;https:\\\/\\\/habibi-plush.de\\\/wp-content\\\/uploads\\\/2024\\\/12\\\/Slide_1.jpg&quot;},{&quot;id&quot;:94,&quot;url&quot;:&quot;https:\\\/\\\/habibi-plush.de\\\/wp-content\\\/uploads\\\/2024\\\/12\\\/Slide_2.jpg&quot;},{&quot;id&quot;:93,&quot;url&quot;:&quot;https:\\\/\\\/habibi-plush.de\\\/wp-content\\\/uploads\\\/2024\\\/12\\\/Slide_3.jpg&quot;}],&quot;background_slideshow_ken_burns&quot;:&quot;yes&quot;,&quot;background_slideshow_loop&quot;:&quot;yes&quot;,&quot;background_slideshow_slide_duration&quot;:5000,&quot;background_slideshow_slide_transition&quot;:&quot;fade&quot;,&quot;background_slideshow_transition_duration&quot;:500,&quot;background_slideshow_ken_burns_zoom_direction&quot;:&quot;in&quot;}\">\n\t\t<div class=\"elementor-element elementor-element-cc6ec31 e-flex e-con-boxed e-con e-child\" data-id=\"cc6ec31\" data-element_type=\"container\" data-e-type=\"container\">\n\t\t\t\t\t<div class=\"e-con-inner\">\n\t\t\t\t<div class=\"elementor-element elementor-element-4926d65 elementor-widget elementor-widget-heading\" data-id=\"4926d65\" data-element_type=\"widget\" data-e-type=\"widget\" data-widget_type=\"heading.default\">\n\t\t\t\t<div class=\"elementor-widget-container\">\n\t\t\t\t\t<h2 class=\"elementor-heading-title elementor-size-default\">W\u00e4rme f\u00fcr alle<\/h2>\t\t\t\t<\/div>\n\t\t\t\t<\/div>\n\t\t\t\t<div class=\"elementor-element elementor-element-c9d830c elementor-widget elementor-widget-text-editor\" data-id=\"c9d830c\" data-element_type=\"widget\" data-e-type=\"widget\" data-widget_type=\"text-editor.default\">\n\t\t\t\t<div class=\"elementor-widget-container\">\n\t\t\t\t\t\t\t\t\t<p class=\"p1\">Wir machen ansprechende W\u00e4rmekuscheltiere, die man in der Mikrowelle oder im Backofen erw\u00e4rmen kann. Danach spenden Sie wohlige W\u00e4rme f\u00fcr bis zu 1,5 Stunden. F\u00fcr kalte Tage, f\u00fcr wohligen Schlaf. F\u00fcr das Gef\u00fchl, zuhause zu sein.<\/p>\t\t\t\t\t\t\t\t<\/div>\n\t\t\t\t<\/div>\n\t\t\t\t<div class=\"elementor-element elementor-element-0c42fa3 elementor-align-center elementor-widget elementor-widget-button\" data-id=\"0c42fa3\" data-element_type=\"widget\" data-e-type=\"widget\" data-widget_type=\"button.default\">\n\t\t\t\t<div class=\"elementor-widget-container\">\n\t\t\t\t\t\t\t\t\t<div class=\"elementor-button-wrapper\">\n\t\t\t\t\t<a class=\"elementor-button elementor-button-link elementor-size-sm\" href=\"https:\/\/habibi-plush.de\/?page_id=604\">\n\t\t\t\t\t\t<span class=\"elementor-button-content-wrapper\">\n\t\t\t\t\t\t\t\t\t<span class=\"elementor-button-text\">Unsere Produkte<\/span>\n\t\t\t\t\t<\/span>\n\t\t\t\t\t<\/a>\n\t\t\t\t<\/div>\n\t\t\t\t\t\t\t\t<\/div>\n\t\t\t\t<\/div>\n\t\t\t\t\t<\/div>\n\t\t\t\t<\/div>\n\t\t\t\t<\/div>\n\t\t<div class=\"elementor-element elementor-element-fd6783a e-flex e-con-boxed e-con e-parent\" data-id=\"fd6783a\" data-element_type=\"container\" data-e-type=\"container\">\n\t\t\t\t\t<div class=\"e-con-inner\">\n\t\t<div class=\"elementor-element elementor-element-beb4ecf e-con-full e-flex e-con e-child\" data-id=\"beb4ecf\" data-element_type=\"container\" data-e-type=\"container\">\n\t\t\t\t<div class=\"elementor-element elementor-element-9c7a324 elementor-widget elementor-widget-image\" data-id=\"9c7a324\" data-element_type=\"widget\" data-e-type=\"widget\" data-widget_type=\"image.default\">\n\t\t\t\t<div class=\"elementor-widget-container\">\n\t\t\t\t\t\t\t\t\t\t\t\t\t\t\t<img loading=\"lazy\" decoding=\"async\" width=\"680\" height=\"680\" src=\"https:\/\/habibi-plush.de\/wp-content\/uploads\/2024\/12\/Single_Start_Mikrowelle_Quadratisch.jpg\" class=\"attachment-large size-large wp-image-231\" alt=\"\" srcset=\"https:\/\/habibi-plush.de\/wp-content\/uploads\/2024\/12\/Single_Start_Mikrowelle_Quadratisch.jpg 680w, https:\/\/habibi-plush.de\/wp-content\/uploads\/2024\/12\/Single_Start_Mikrowelle_Quadratisch-300x300.jpg 300w, https:\/\/habibi-plush.de\/wp-content\/uploads\/2024\/12\/Single_Start_Mikrowelle_Quadratisch-150x150.jpg 150w\" sizes=\"auto, (max-width: 680px) 100vw, 680px\" \/>\t\t\t\t\t\t\t\t\t\t\t\t\t\t\t<\/div>\n\t\t\t\t<\/div>\n\t\t\t\t<\/div>\n\t\t<div class=\"elementor-element elementor-element-ca51311 e-con-full e-flex e-con e-child\" data-id=\"ca51311\" data-element_type=\"container\" data-e-type=\"container\">\n\t\t\t\t<div class=\"elementor-element elementor-element-7a3c9b1 elementor-widget elementor-widget-heading\" data-id=\"7a3c9b1\" data-element_type=\"widget\" data-e-type=\"widget\" data-widget_type=\"heading.default\">\n\t\t\t\t<div class=\"elementor-widget-container\">\n\t\t\t\t\t<h2 class=\"elementor-heading-title elementor-size-default\">Kinderleichte Anwendung<\/h2>\t\t\t\t<\/div>\n\t\t\t\t<\/div>\n\t\t\t\t<div class=\"elementor-element elementor-element-8c6afd1 elementor-widget elementor-widget-text-editor\" data-id=\"8c6afd1\" data-element_type=\"widget\" data-e-type=\"widget\" data-widget_type=\"text-editor.default\">\n\t\t\t\t<div class=\"elementor-widget-container\">\n\t\t\t\t\t\t\t\t\t<div class=\"flex max-w-full flex-col flex-grow\"><div class=\"min-h-8 text-message flex w-full flex-col items-end gap-2 whitespace-normal break-words text-start [.text-message+&amp;]:mt-5\" dir=\"auto\" data-message-author-role=\"assistant\" data-message-id=\"0388402c-db72-46da-8995-daeb5c77a449\" data-message-model-slug=\"gpt-4o-mini\"><div class=\"flex w-full flex-col gap-1 empty:hidden first:pt-[3px]\"><div class=\"markdown prose w-full break-words dark:prose-invert light\"><p>Unsere W\u00e4rmekuscheltiere sind einfach anzuwenden: Man legt sie f\u00fcr bis zu 90 Sekunden in die Mikrowelle oder f\u00fcr etwa 10 Minuten in den Backofen. Nach dieser kurzen Erw\u00e4rmung hat sich die Hirsef\u00fcllung optimal aufgeheizt und gibt ihre angenehme W\u00e4rme \u00fcber einen Zeitraum von bis zu 1,5 Stunden gleichm\u00e4\u00dfig nach au\u00dfen ab. Verabschieden Sie sich von kalten F\u00fc\u00dfen, Stress und Verspannungen. Besonders unsere Kleinen profitieren von diesen Kuscheltieren, da sie eine wunderbare Hilfe beim Einschlafen darstellen und ein wohltuendes Gef\u00fchl von Geborgenheit und W\u00e4rme vermitteln.<\/p><\/div><\/div><\/div><\/div>\t\t\t\t\t\t\t\t<\/div>\n\t\t\t\t<\/div>\n\t\t\t\t<\/div>\n\t\t\t\t\t<\/div>\n\t\t\t\t<\/div>\n\t\t<div class=\"elementor-element elementor-element-86ad5f4 e-flex e-con-boxed e-con e-parent\" data-id=\"86ad5f4\" data-element_type=\"container\" data-e-type=\"container\">\n\t\t\t\t\t<div class=\"e-con-inner\">\n\t\t<div class=\"elementor-element elementor-element-b93cf5e e-con-full e-flex e-con e-child\" data-id=\"b93cf5e\" data-element_type=\"container\" data-e-type=\"container\">\n\t\t\t\t<div class=\"elementor-element elementor-element-a5a6072 elementor-widget elementor-widget-heading\" data-id=\"a5a6072\" data-element_type=\"widget\" data-e-type=\"widget\" data-widget_type=\"heading.default\">\n\t\t\t\t<div class=\"elementor-widget-container\">\n\t\t\t\t\t<h2 class=\"elementor-heading-title elementor-size-default\">Nat\u00fcrliche inhaltsstoffe<\/h2>\t\t\t\t<\/div>\n\t\t\t\t<\/div>\n\t\t\t\t<div class=\"elementor-element elementor-element-442a54b elementor-widget elementor-widget-text-editor\" data-id=\"442a54b\" data-element_type=\"widget\" data-e-type=\"widget\" data-widget_type=\"text-editor.default\">\n\t\t\t\t<div class=\"elementor-widget-container\">\n\t\t\t\t\t\t\t\t\t<p class=\"p1\">Die w\u00e4rmende F\u00fcllung unserer Produkte besteht aus naturreiner Hirse \u2013 einem nat\u00fcrlichen Rohstoff, der f\u00fcr seine Weichheit und W\u00e4rmespeicherf\u00e4higkeit bekannt ist. Sie ist vollkommen nat\u00fcrlich, frei von Schadstoffen und somit eine ideale Wahl f\u00fcr umweltbewusste und gesundheitsorientierte Verbraucher. Diese hochwertigen Eigenschaften machen unsere Kuscheltiere auch f\u00fcr Kinder und Babys unter 36 Monaten besonders sicher und vertr\u00e4glich. Um diese Sicherheit zu gew\u00e4hrleisten, werden unsere Produkte regelm\u00e4\u00dfig von unabh\u00e4ngigen deutschen Pr\u00fcflaboren umfassend gepr\u00fcft. Dabei werden sie auf ihre gesundheitliche Unbedenklichkeit, Schadstofffreiheit und die Einhaltung strengster Sicherheitsstandards getestet.\u00a0<\/p>\t\t\t\t\t\t\t\t<\/div>\n\t\t\t\t<\/div>\n\t\t\t\t<\/div>\n\t\t<div class=\"elementor-element elementor-element-c6e2b89 e-con-full e-flex e-con e-child\" data-id=\"c6e2b89\" data-element_type=\"container\" data-e-type=\"container\">\n\t\t\t\t<div class=\"elementor-element elementor-element-8c2baf9 elementor-widget elementor-widget-image\" data-id=\"8c2baf9\" data-element_type=\"widget\" data-e-type=\"widget\" data-widget_type=\"image.default\">\n\t\t\t\t<div class=\"elementor-widget-container\">\n\t\t\t\t\t\t\t\t\t\t\t\t\t\t\t<img loading=\"lazy\" decoding=\"async\" width=\"680\" height=\"680\" src=\"https:\/\/habibi-plush.de\/wp-content\/uploads\/2024\/12\/Single_Start_Hirse_Quadratisch_2.jpg\" class=\"attachment-large size-large wp-image-233\" alt=\"\" srcset=\"https:\/\/habibi-plush.de\/wp-content\/uploads\/2024\/12\/Single_Start_Hirse_Quadratisch_2.jpg 680w, https:\/\/habibi-plush.de\/wp-content\/uploads\/2024\/12\/Single_Start_Hirse_Quadratisch_2-300x300.jpg 300w, https:\/\/habibi-plush.de\/wp-content\/uploads\/2024\/12\/Single_Start_Hirse_Quadratisch_2-150x150.jpg 150w\" sizes=\"auto, (max-width: 680px) 100vw, 680px\" \/>\t\t\t\t\t\t\t\t\t\t\t\t\t\t\t<\/div>\n\t\t\t\t<\/div>\n\t\t\t\t<\/div>\n\t\t\t\t\t<\/div>\n\t\t\t\t<\/div>\n\t\t<div class=\"elementor-element elementor-element-4dd6caa e-flex e-con-boxed e-con e-parent\" data-id=\"4dd6caa\" data-element_type=\"container\" data-e-type=\"container\">\n\t\t\t\t\t<div class=\"e-con-inner\">\n\t\t<div class=\"elementor-element elementor-element-921c1d2 e-con-full e-flex e-con e-child\" data-id=\"921c1d2\" data-element_type=\"container\" data-e-type=\"container\">\n\t\t\t\t<div class=\"elementor-element elementor-element-557f791 elementor-widget elementor-widget-image\" data-id=\"557f791\" data-element_type=\"widget\" data-e-type=\"widget\" data-widget_type=\"image.default\">\n\t\t\t\t<div class=\"elementor-widget-container\">\n\t\t\t\t\t\t\t\t\t\t\t\t\t\t\t<img loading=\"lazy\" decoding=\"async\" width=\"680\" height=\"680\" src=\"https:\/\/habibi-plush.de\/wp-content\/uploads\/2024\/12\/Single_Start_Nachhaltig_Quadratisch.jpg\" class=\"attachment-large size-large wp-image-237\" alt=\"\" srcset=\"https:\/\/habibi-plush.de\/wp-content\/uploads\/2024\/12\/Single_Start_Nachhaltig_Quadratisch.jpg 680w, https:\/\/habibi-plush.de\/wp-content\/uploads\/2024\/12\/Single_Start_Nachhaltig_Quadratisch-300x300.jpg 300w, https:\/\/habibi-plush.de\/wp-content\/uploads\/2024\/12\/Single_Start_Nachhaltig_Quadratisch-150x150.jpg 150w\" sizes=\"auto, (max-width: 680px) 100vw, 680px\" \/>\t\t\t\t\t\t\t\t\t\t\t\t\t\t\t<\/div>\n\t\t\t\t<\/div>\n\t\t\t\t<\/div>\n\t\t<div class=\"elementor-element elementor-element-234e6fc e-con-full e-flex e-con e-child\" data-id=\"234e6fc\" data-element_type=\"container\" data-e-type=\"container\">\n\t\t\t\t<div class=\"elementor-element elementor-element-40e1ba6 elementor-widget elementor-widget-heading\" data-id=\"40e1ba6\" data-element_type=\"widget\" data-e-type=\"widget\" data-widget_type=\"heading.default\">\n\t\t\t\t<div class=\"elementor-widget-container\">\n\t\t\t\t\t<h2 class=\"elementor-heading-title elementor-size-default\">Nachhaltigkeit<\/h2>\t\t\t\t<\/div>\n\t\t\t\t<\/div>\n\t\t\t\t<div class=\"elementor-element elementor-element-4e1cb45 elementor-widget elementor-widget-text-editor\" data-id=\"4e1cb45\" data-element_type=\"widget\" data-e-type=\"widget\" data-widget_type=\"text-editor.default\">\n\t\t\t\t<div class=\"elementor-widget-container\">\n\t\t\t\t\t\t\t\t\t<p class=\"p1\">Das F\u00fcllmaterial unserer Produkte wird aus recycelten PET-Flaschen gewonnen \u2013 eine nachhaltige L\u00f6sung, die nicht nur die Umwelt schont, sondern auch Ressourcen spart. Ebenso bestehen die Schutzh\u00fcllen, in die unsere Kuscheltiere verpackt werden, aus recyceltem Material. Auf diese Weise vermeiden wir den Einsatz von Neumaterialien und reduzieren den Abfallkreislauf. Mit dieser umweltfreundlichen Initiative leisten wir einen wichtigen Beitrag zur Entlastung der Umwelt, verringern die Verschmutzung der Ozeane und helfen dabei, unn\u00f6tige Emissionen einzusparen.\u00a0<\/p>\t\t\t\t\t\t\t\t<\/div>\n\t\t\t\t<\/div>\n\t\t\t\t<\/div>\n\t\t\t\t\t<\/div>\n\t\t\t\t<\/div>\n\t\t\t\t<\/div>\n\t\t","protected":false},"excerpt":{"rendered":"<p>W\u00e4rme f\u00fcr alle Wir machen ansprechende W\u00e4rmekuscheltiere, die man in der Mikrowelle oder im Backofen erw\u00e4rmen kann. Danach spenden Sie wohlige W\u00e4rme f\u00fcr bis zu 1,5 Stunden. F\u00fcr kalte Tage, f\u00fcr wohligen Schlaf. F\u00fcr das Gef\u00fchl, zuhause zu sein. Unsere Produkte Kinderleichte Anwendung Unsere W\u00e4rmekuscheltiere sind einfach anzuwenden: Man legt sie f\u00fcr bis zu 90 [&hellip;]<\/p>\n","protected":false},"author":4,"featured_media":0,"parent":0,"menu_order":0,"comment_status":"closed","ping_status":"closed","template":"elementor_header_footer","meta":{"_acf_changed":false,"iawp_total_views":21133,"footnotes":""},"class_list":["post-83","page","type-page","status-publish","hentry"],"acf":[],"_links":{"self":[{"href":"https:\/\/habibi-plush.de\/index.php?rest_route=\/wp\/v2\/pages\/83","targetHints":{"allow":["GET"]}}],"collection":[{"href":"https:\/\/habibi-plush.de\/index.php?rest_route=\/wp\/v2\/pages"}],"about":[{"href":"https:\/\/habibi-plush.de\/index.php?rest_route=\/wp\/v2\/types\/page"}],"author":[{"embeddable":true,"href":"https:\/\/habibi-plush.de\/index.php?rest_route=\/wp\/v2\/users\/4"}],"replies":[{"embeddable":true,"href":"https:\/\/habibi-plush.de\/index.php?rest_route=%2Fwp%2Fv2%2Fcomments&post=83"}],"version-history":[{"count":70,"href":"https:\/\/habibi-plush.de\/index.php?rest_route=\/wp\/v2\/pages\/83\/revisions"}],"predecessor-version":[{"id":1037,"href":"https:\/\/habibi-plush.de\/index.php?rest_route=\/wp\/v2\/pages\/83\/revisions\/1037"}],"wp:attachment":[{"href":"https:\/\/habibi-plush.de\/index.php?rest_route=%2Fwp%2Fv2%2Fmedia&parent=83"}],"curies":[{"name":"wp","href":"https:\/\/api.w.org\/{rel}","templated":true}]}}