{"id":371,"date":"2024-12-13T13:57:33","date_gmt":"2024-12-13T13:57:33","guid":{"rendered":"https:\/\/habibi-plush.de\/?page_id=371"},"modified":"2025-01-21T15:52:03","modified_gmt":"2025-01-21T15:52:03","slug":"impressum","status":"publish","type":"page","link":"https:\/\/habibi-plush.de\/?page_id=371","title":{"rendered":"Impressum"},"content":{"rendered":"\t\t<div data-elementor-type=\"wp-page\" data-elementor-id=\"371\" class=\"elementor elementor-371\" data-elementor-post-type=\"page\">\n\t\t\t\t<div class=\"elementor-element elementor-element-ca0ec91 e-flex e-con-boxed e-con e-parent\" data-id=\"ca0ec91\" data-element_type=\"container\" data-e-type=\"container\">\n\t\t\t\t\t<div class=\"e-con-inner\">\n\t\t\t\t<div class=\"elementor-element elementor-element-ceec1be elementor-widget elementor-widget-text-editor\" data-id=\"ceec1be\" data-element_type=\"widget\" data-e-type=\"widget\" data-widget_type=\"text-editor.default\">\n\t\t\t\t<div class=\"elementor-widget-container\">\n\t\t\t\t\t\t\t\t\t<p><strong>Gesetzliche Anbieterkennung:<\/strong><\/p><p>Bloomboxer GmbH<br \/>diese vertr. d. d. Gesch\u00e4ftsf\u00fchrer Norbert Oswald, Roland Ebitsch<br \/>Werkstra\u00dfe 2b<br \/>96199 Zapfendorf<br \/>Deutschland<br \/>Telefon: 09547 &#8211; 8718077<br \/>E-Mail: <a href=\"mailto:habibi@bloomboxer.net\">habibi@bloomboxer.net<\/a><br \/>USt-IdNr.: DE285620844<br \/>WEEE-Nummer: DE39413808<br \/>eingetragen im Handelsregister des Amtsgerichtes Bamberg<br \/>Handelsregisternummer HRB 9315<\/p><p><strong>Alternative Streitbeilegung:<\/strong><\/p><p>Die Europ\u00e4ische Kommission stellt eine Plattform f\u00fcr die au\u00dfergerichtliche Online-Streitbeilegung (OS-Plattform) bereit, aufrufbar unter <a href=\"https:\/\/ec.europa.eu\/odr\">https:\/\/ec.europa.eu\/odr<\/a>\u00a0(<a href=\"https:\/\/ec.europa.eu\/consumers\/odr\">https:\/\/ec.europa.eu\/consumers\/odr<\/a>).<\/p><p>Wir sind seit 01.07.2018 Mitglied der Initiative &#8222;FairCommerce&#8220;.<br \/>N\u00e4here Informationen hierzu finden Sie unter <a href=\"http:\/\/www.fair-commerce.de\">www.fair-commerce.de<\/a>.<\/p>\t\t\t\t\t\t\t\t<\/div>\n\t\t\t\t<\/div>\n\t\t\t\t\t<\/div>\n\t\t\t\t<\/div>\n\t\t\t\t<\/div>\n\t\t","protected":false},"excerpt":{"rendered":"<p>Gesetzliche Anbieterkennung: Bloomboxer GmbHdiese vertr. d. d. Gesch\u00e4ftsf\u00fchrer Norbert Oswald, Roland EbitschWerkstra\u00dfe 2b96199 ZapfendorfDeutschlandTelefon: 09547 &#8211; 8718077E-Mail: habibi@bloomboxer.netUSt-IdNr.: DE285620844WEEE-Nummer: DE39413808eingetragen im Handelsregister des Amtsgerichtes BambergHandelsregisternummer HRB 9315 Alternative Streitbeilegung: Die Europ\u00e4ische Kommission stellt eine Plattform f\u00fcr die au\u00dfergerichtliche Online-Streitbeilegung (OS-Plattform) bereit, aufrufbar unter https:\/\/ec.europa.eu\/odr\u00a0(https:\/\/ec.europa.eu\/consumers\/odr). Wir sind seit 01.07.2018 Mitglied der Initiative &#8222;FairCommerce&#8220;.N\u00e4here Informationen hierzu finden [&hellip;]<\/p>\n","protected":false},"author":4,"featured_media":0,"parent":0,"menu_order":0,"comment_status":"closed","ping_status":"closed","template":"","meta":{"_acf_changed":false,"iawp_total_views":752,"footnotes":""},"class_list":["post-371","page","type-page","status-publish","hentry"],"acf":[],"_links":{"self":[{"href":"https:\/\/habibi-plush.de\/index.php?rest_route=\/wp\/v2\/pages\/371","targetHints":{"allow":["GET"]}}],"collection":[{"href":"https:\/\/habibi-plush.de\/index.php?rest_route=\/wp\/v2\/pages"}],"about":[{"href":"https:\/\/habibi-plush.de\/index.php?rest_route=\/wp\/v2\/types\/page"}],"author":[{"embeddable":true,"href":"https:\/\/habibi-plush.de\/index.php?rest_route=\/wp\/v2\/users\/4"}],"replies":[{"embeddable":true,"href":"https:\/\/habibi-plush.de\/index.php?rest_route=%2Fwp%2Fv2%2Fcomments&post=371"}],"version-history":[{"count":18,"href":"https:\/\/habibi-plush.de\/index.php?rest_route=\/wp\/v2\/pages\/371\/revisions"}],"predecessor-version":[{"id":547,"href":"https:\/\/habibi-plush.de\/index.php?rest_route=\/wp\/v2\/pages\/371\/revisions\/547"}],"wp:attachment":[{"href":"https:\/\/habibi-plush.de\/index.php?rest_route=%2Fwp%2Fv2%2Fmedia&parent=371"}],"curies":[{"name":"wp","href":"https:\/\/api.w.org\/{rel}","templated":true}]}}